{"id":10,"date":"2025-10-09T07:31:44","date_gmt":"2025-10-09T07:31:44","guid":{"rendered":"https:\/\/www.super-prix-choc.com\/index.php\/panier\/"},"modified":"2025-12-10T13:47:15","modified_gmt":"2025-12-10T13:47:15","slug":"panier","status":"publish","type":"page","link":"https:\/\/www.super-prix-choc.com\/index.php\/panier\/","title":{"rendered":"Panier"},"content":{"rendered":"\n<div data-block-name=\"woocommerce\/cart\" class=\"wp-block-woocommerce-cart alignwide is-loading\">\n<div data-block-name=\"woocommerce\/filled-cart-block\" class=\"wp-block-woocommerce-filled-cart-block\">\n<div data-block-name=\"woocommerce\/cart-items-block\" class=\"wp-block-woocommerce-cart-items-block\">\n<div data-block-name=\"woocommerce\/cart-line-items-block\" class=\"wp-block-woocommerce-cart-line-items-block\"><\/div>\n\n\n<\/div>\n\n\n\n\n<div data-block-name=\"woocommerce\/cart-totals-block\" class=\"wp-block-woocommerce-cart-totals-block\">\n<div data-block-name=\"woocommerce\/cart-order-summary-block\" class=\"wp-block-woocommerce-cart-order-summary-block\">\n<div data-block-name=\"woocommerce\/cart-order-summary-heading-block\" class=\"wp-block-woocommerce-cart-order-summary-heading-block\"><\/div><div data-block-name=\"woocommerce\/cart-order-summary-coupon-form-block\" class=\"wp-block-woocommerce-cart-order-summary-coupon-form-block\"><\/div><div data-block-name=\"woocommerce\/cart-order-summary-totals-block\" class=\"wp-block-woocommerce-cart-order-summary-totals-block\">\n<div data-block-name=\"woocommerce\/cart-order-summary-subtotal-block\" class=\"wp-block-woocommerce-cart-order-summary-subtotal-block\"><\/div>\n<div data-block-name=\"woocommerce\/cart-order-summary-discount-block\" class=\"wp-block-woocommerce-cart-order-summary-discount-block\"><\/div>\n<div data-block-name=\"woocommerce\/cart-order-summary-fee-block\" class=\"wp-block-woocommerce-cart-order-summary-fee-block\"><\/div>\n<div data-block-name=\"woocommerce\/cart-order-summary-shipping-block\" class=\"wp-block-woocommerce-cart-order-summary-shipping-block\"><\/div>\n<div data-block-name=\"woocommerce\/cart-order-summary-taxes-block\" class=\"wp-block-woocommerce-cart-order-summary-taxes-block\"><\/div><\/div>\n<\/div>\n\n\n\n<div data-block-name=\"woocommerce\/cart-express-payment-block\" class=\"wp-block-woocommerce-cart-express-payment-block\"><\/div>\n\n\n\n<div data-block-name=\"woocommerce\/proceed-to-checkout-block\" class=\"wp-block-woocommerce-proceed-to-checkout-block\"><\/div>\n\n\n\n<div data-block-name=\"woocommerce\/cart-accepted-payment-methods-block\" class=\"wp-block-woocommerce-cart-accepted-payment-methods-block\"><\/div>\n<\/div>\n<\/div>\n\n\n\n<div data-block-name=\"woocommerce\/empty-cart-block\" class=\"wp-block-woocommerce-empty-cart-block\">\n<h2 class=\"wp-block-heading has-text-align-center with-empty-cart-icon wc-block-cart__empty-cart__title\">Votre panier est actuellement vide\u00a0!<\/h2>\n\n\n\n<hr class=\"wp-block-separator has-alpha-channel-opacity is-style-dots\"\/>\n\n\n\n<h2 class=\"wp-block-heading has-text-align-center\">Nouveau dans la boutique<\/h2>\n\n\n<div data-block-name=\"woocommerce\/product-new\" data-columns=\"4\" data-rows=\"1\" class=\"wc-block-grid wp-block-product-new wp-block-woocommerce-product-new wc-block-product-new has-4-columns\"><ul class=\"wc-block-grid__products\"><li class=\"wc-block-grid__product\">\n\t\t\t\t<a href=\"https:\/\/www.super-prix-choc.com\/index.php\/produit\/ensemble-de-serviettes-velour-3-pieces-extra-douces-qualite-superieure\/\" class=\"wc-block-grid__product-link\">\n\t\t\t\t\t\n\t\t\t\t\t<div class=\"wc-block-grid__product-image\"><img loading=\"lazy\" decoding=\"async\" width=\"300\" height=\"300\" src=\"https:\/\/www.super-prix-choc.com\/wp-content\/uploads\/2025\/12\/4-300x300.png\" class=\"attachment-woocommerce_thumbnail size-woocommerce_thumbnail\" alt=\"Ensemble de Serviettes Velour 3 Pi\u00e8ces \u2013 Extra Douces &amp; Qualit\u00e9  Sup\u00e9rieure\" srcset=\"https:\/\/www.super-prix-choc.com\/wp-content\/uploads\/2025\/12\/4-300x300.png 300w, https:\/\/www.super-prix-choc.com\/wp-content\/uploads\/2025\/12\/4-150x150.png 150w, https:\/\/www.super-prix-choc.com\/wp-content\/uploads\/2025\/12\/4-768x768.png 768w, https:\/\/www.super-prix-choc.com\/wp-content\/uploads\/2025\/12\/4-140x140.png 140w, https:\/\/www.super-prix-choc.com\/wp-content\/uploads\/2025\/12\/4-100x100.png 100w, https:\/\/www.super-prix-choc.com\/wp-content\/uploads\/2025\/12\/4-500x500.png 500w, https:\/\/www.super-prix-choc.com\/wp-content\/uploads\/2025\/12\/4-350x350.png 350w, https:\/\/www.super-prix-choc.com\/wp-content\/uploads\/2025\/12\/4-800x800.png 800w, https:\/\/www.super-prix-choc.com\/wp-content\/uploads\/2025\/12\/4-600x600.png 600w, https:\/\/www.super-prix-choc.com\/wp-content\/uploads\/2025\/12\/4.png 1000w\" sizes=\"auto, (max-width: 300px) 100vw, 300px\" \/><\/div>\n\t\t\t\t\t<div class=\"wc-block-grid__product-title\">Ensemble de Serviettes Velour 3 Pi\u00e8ces \u2013 Extra Douces &amp; Qualit\u00e9  Sup\u00e9rieure<\/div>\n\t\t\t\t<\/a>\n\t\t\t\t<div class=\"wc-block-grid__product-price price\"><span class=\"woocommerce-Price-amount amount\"><span class=\"woocommerce-Price-currencySymbol\">&#x62f;.&#x62a;<\/span>&nbsp;35,000<\/span><\/div>\n\t\t\t\t\n\t\t\t\t<div class=\"wp-block-button wc-block-grid__product-add-to-cart\"><a href=\"https:\/\/www.super-prix-choc.com\/index.php\/produit\/ensemble-de-serviettes-velour-3-pieces-extra-douces-qualite-superieure\/\" aria-label=\"S\u00e9lectionner les options pour &ldquo;Ensemble de Serviettes Velour 3 Pi\u00e8ces \u2013 Extra Douces &amp; Qualit\u00e9  Sup\u00e9rieure&rdquo;\" data-quantity=\"1\" data-product_id=\"183\" data-product_sku=\"\" data-price=\"35\" rel=\"nofollow\" class=\"wp-block-button__link  add_to_cart_button\">Choix des options<\/a><\/div>\n\t\t\t<\/li><li class=\"wc-block-grid__product\">\n\t\t\t\t<a href=\"https:\/\/www.super-prix-choc.com\/index.php\/produit\/parure-de-lit-6-pieces\/\" class=\"wc-block-grid__product-link\">\n\t\t\t\t\t\n\t\t\t\t\t<div class=\"wc-block-grid__product-image\"><img loading=\"lazy\" decoding=\"async\" width=\"300\" height=\"300\" src=\"https:\/\/www.super-prix-choc.com\/wp-content\/uploads\/2025\/10\/28-300x300.png\" class=\"attachment-woocommerce_thumbnail size-woocommerce_thumbnail\" alt=\"Parure de lit 2 places 6 pieces Blanc\" srcset=\"https:\/\/www.super-prix-choc.com\/wp-content\/uploads\/2025\/10\/28-300x300.png 300w, https:\/\/www.super-prix-choc.com\/wp-content\/uploads\/2025\/10\/28-150x150.png 150w, https:\/\/www.super-prix-choc.com\/wp-content\/uploads\/2025\/10\/28-768x768.png 768w, https:\/\/www.super-prix-choc.com\/wp-content\/uploads\/2025\/10\/28-140x140.png 140w, https:\/\/www.super-prix-choc.com\/wp-content\/uploads\/2025\/10\/28-100x100.png 100w, https:\/\/www.super-prix-choc.com\/wp-content\/uploads\/2025\/10\/28-500x500.png 500w, https:\/\/www.super-prix-choc.com\/wp-content\/uploads\/2025\/10\/28-350x350.png 350w, https:\/\/www.super-prix-choc.com\/wp-content\/uploads\/2025\/10\/28-800x800.png 800w, https:\/\/www.super-prix-choc.com\/wp-content\/uploads\/2025\/10\/28-600x600.png 600w, https:\/\/www.super-prix-choc.com\/wp-content\/uploads\/2025\/10\/28.png 1000w\" sizes=\"auto, (max-width: 300px) 100vw, 300px\" \/><\/div>\n\t\t\t\t\t<div class=\"wc-block-grid__product-title\">Parure de lit 2 places 6 pieces Blanc<\/div>\n\t\t\t\t<\/a>\n\t\t\t\t<div class=\"wc-block-grid__product-price price\"><span class=\"woocommerce-Price-amount amount\"><span class=\"woocommerce-Price-currencySymbol\">&#x62f;.&#x62a;<\/span>&nbsp;280,000<\/span><\/div>\n\t\t\t\t\n\t\t\t\t<div class=\"wp-block-button wc-block-grid__product-add-to-cart\"><a href=\"\/index.php\/wp-json\/wp\/v2\/pages\/10?add-to-cart=177\" aria-label=\"Ajouter au panier\u00a0: &ldquo;Parure de lit 2 places 6 pieces Blanc&rdquo;\" data-quantity=\"1\" data-product_id=\"177\" data-product_sku=\"\" data-price=\"280\" rel=\"nofollow\" class=\"wp-block-button__link  add_to_cart_button ajax_add_to_cart\">Ajouter au panier<\/a><\/div>\n\t\t\t<\/li><li class=\"wc-block-grid__product\">\n\t\t\t\t<a href=\"https:\/\/www.super-prix-choc.com\/index.php\/produit\/caps-de-bain-couple-bellina-beige-et-rose\/\" class=\"wc-block-grid__product-link\">\n\t\t\t\t\t\n\t\t\t\t\t<div class=\"wc-block-grid__product-image\"><img loading=\"lazy\" decoding=\"async\" width=\"300\" height=\"300\" src=\"https:\/\/www.super-prix-choc.com\/wp-content\/uploads\/2025\/10\/29-300x300.png\" class=\"attachment-woocommerce_thumbnail size-woocommerce_thumbnail\" alt=\"Caps de bain couple Bellina Beige et Rose\" srcset=\"https:\/\/www.super-prix-choc.com\/wp-content\/uploads\/2025\/10\/29-300x300.png 300w, https:\/\/www.super-prix-choc.com\/wp-content\/uploads\/2025\/10\/29-150x150.png 150w, https:\/\/www.super-prix-choc.com\/wp-content\/uploads\/2025\/10\/29-768x768.png 768w, https:\/\/www.super-prix-choc.com\/wp-content\/uploads\/2025\/10\/29-140x140.png 140w, https:\/\/www.super-prix-choc.com\/wp-content\/uploads\/2025\/10\/29-100x100.png 100w, https:\/\/www.super-prix-choc.com\/wp-content\/uploads\/2025\/10\/29-500x500.png 500w, https:\/\/www.super-prix-choc.com\/wp-content\/uploads\/2025\/10\/29-350x350.png 350w, https:\/\/www.super-prix-choc.com\/wp-content\/uploads\/2025\/10\/29-800x800.png 800w, https:\/\/www.super-prix-choc.com\/wp-content\/uploads\/2025\/10\/29-600x600.png 600w, https:\/\/www.super-prix-choc.com\/wp-content\/uploads\/2025\/10\/29.png 1000w\" sizes=\"auto, (max-width: 300px) 100vw, 300px\" \/><\/div>\n\t\t\t\t\t<div class=\"wc-block-grid__product-title\">Caps de bain couple Bellina Beige et Rose<\/div>\n\t\t\t\t<\/a>\n\t\t\t\t<div class=\"wc-block-grid__product-price price\"><\/div>\n\t\t\t\t\n\t\t\t\t<div class=\"wp-block-button wc-block-grid__product-add-to-cart\"><a href=\"https:\/\/www.super-prix-choc.com\/index.php\/produit\/caps-de-bain-couple-bellina-beige-et-rose\/\" aria-label=\"En savoir plus sur &ldquo;Caps de bain couple Bellina Beige et Rose&rdquo;\" data-quantity=\"1\" data-product_id=\"176\" data-product_sku=\"\" data-price=\"0\" rel=\"nofollow\" class=\"wp-block-button__link  add_to_cart_button\">Lire la suite<\/a><\/div>\n\t\t\t<\/li><li class=\"wc-block-grid__product\">\n\t\t\t\t<a href=\"https:\/\/www.super-prix-choc.com\/index.php\/produit\/caps-de-bain-couple-bellina-bleu-et-rose\/\" class=\"wc-block-grid__product-link\">\n\t\t\t\t\t\n\t\t\t\t\t<div class=\"wc-block-grid__product-image\"><img loading=\"lazy\" decoding=\"async\" width=\"300\" height=\"300\" src=\"https:\/\/www.super-prix-choc.com\/wp-content\/uploads\/2025\/10\/30-300x300.png\" class=\"attachment-woocommerce_thumbnail size-woocommerce_thumbnail\" alt=\"Caps de bain couple Bellina Bleu et Rose\" srcset=\"https:\/\/www.super-prix-choc.com\/wp-content\/uploads\/2025\/10\/30-300x300.png 300w, https:\/\/www.super-prix-choc.com\/wp-content\/uploads\/2025\/10\/30-150x150.png 150w, https:\/\/www.super-prix-choc.com\/wp-content\/uploads\/2025\/10\/30-768x768.png 768w, https:\/\/www.super-prix-choc.com\/wp-content\/uploads\/2025\/10\/30-140x140.png 140w, https:\/\/www.super-prix-choc.com\/wp-content\/uploads\/2025\/10\/30-100x100.png 100w, https:\/\/www.super-prix-choc.com\/wp-content\/uploads\/2025\/10\/30-500x500.png 500w, https:\/\/www.super-prix-choc.com\/wp-content\/uploads\/2025\/10\/30-350x350.png 350w, https:\/\/www.super-prix-choc.com\/wp-content\/uploads\/2025\/10\/30-800x800.png 800w, https:\/\/www.super-prix-choc.com\/wp-content\/uploads\/2025\/10\/30-600x600.png 600w, https:\/\/www.super-prix-choc.com\/wp-content\/uploads\/2025\/10\/30.png 1000w\" sizes=\"auto, (max-width: 300px) 100vw, 300px\" \/><\/div>\n\t\t\t\t\t<div class=\"wc-block-grid__product-title\">Caps de bain couple Bellina Bleu et Rose<\/div>\n\t\t\t\t<\/a>\n\t\t\t\t<div class=\"wc-block-grid__product-price price\"><\/div>\n\t\t\t\t\n\t\t\t\t<div class=\"wp-block-button wc-block-grid__product-add-to-cart\"><a href=\"https:\/\/www.super-prix-choc.com\/index.php\/produit\/caps-de-bain-couple-bellina-bleu-et-rose\/\" aria-label=\"En savoir plus sur &ldquo;Caps de bain couple Bellina Bleu et Rose&rdquo;\" data-quantity=\"1\" data-product_id=\"175\" data-product_sku=\"\" data-price=\"0\" rel=\"nofollow\" class=\"wp-block-button__link  add_to_cart_button\">Lire la suite<\/a><\/div>\n\t\t\t<\/li><\/ul><\/div><\/div>\n<\/div>\n","protected":false},"excerpt":{"rendered":"Vous serez peut-\u00eatre int\u00e9ress\u00e9 par&hellip; Votre panier est actuellement vide\u00a0! Nouveau dans la boutique","protected":false},"author":1,"featured_media":0,"parent":0,"menu_order":0,"comment_status":"closed","ping_status":"closed","template":"","meta":{"footnotes":""},"class_list":["post-10","page","type-page","status-publish"],"jetpack_sharing_enabled":true,"_links":{"self":[{"href":"https:\/\/www.super-prix-choc.com\/index.php\/wp-json\/wp\/v2\/pages\/10","targetHints":{"allow":["GET"]}}],"collection":[{"href":"https:\/\/www.super-prix-choc.com\/index.php\/wp-json\/wp\/v2\/pages"}],"about":[{"href":"https:\/\/www.super-prix-choc.com\/index.php\/wp-json\/wp\/v2\/types\/page"}],"author":[{"embeddable":true,"href":"https:\/\/www.super-prix-choc.com\/index.php\/wp-json\/wp\/v2\/users\/1"}],"replies":[{"embeddable":true,"href":"https:\/\/www.super-prix-choc.com\/index.php\/wp-json\/wp\/v2\/comments?post=10"}],"version-history":[{"count":1,"href":"https:\/\/www.super-prix-choc.com\/index.php\/wp-json\/wp\/v2\/pages\/10\/revisions"}],"predecessor-version":[{"id":82,"href":"https:\/\/www.super-prix-choc.com\/index.php\/wp-json\/wp\/v2\/pages\/10\/revisions\/82"}],"wp:attachment":[{"href":"https:\/\/www.super-prix-choc.com\/index.php\/wp-json\/wp\/v2\/media?parent=10"}],"curies":[{"name":"wp","href":"https:\/\/api.w.org\/{rel}","templated":true}]}}