{"id":183,"date":"2025-12-12T15:44:48","date_gmt":"2025-12-12T15:44:48","guid":{"rendered":"https:\/\/www.super-prix-choc.com\/?post_type=product&#038;p=183"},"modified":"2025-12-12T15:50:41","modified_gmt":"2025-12-12T15:50:41","slug":"ensemble-de-serviettes-velour-3-pieces-extra-douces-qualite-superieure","status":"publish","type":"product","link":"https:\/\/www.super-prix-choc.com\/index.php\/produit\/ensemble-de-serviettes-velour-3-pieces-extra-douces-qualite-superieure\/","title":{"rendered":"Ensemble de Serviettes Velour 3 Pi\u00e8ces \u2013 Extra Douces &#038; Qualit\u00e9  Sup\u00e9rieure"},"content":{"rendered":"<p><span class=\"diff--UX1Av\">Exp<\/span><span class=\"diff--UX1Av\">l<\/span>orez notre <span class=\"diff--UX1Av\">en<\/span>se<span class=\"diff--UX1Av\">mble<\/span> de serviettes 3 pi\u00e8ces, con\u00e7u pour <span class=\"diff--UX1Av\">all<\/span>i<span class=\"diff--UX1Av\">e<\/span>r confort, douceur et <span class=\"diff--UX1Av\">sophis<\/span><span class=\"diff--UX1Av\">ti<\/span>c<span class=\"diff--UX1Av\">ation<\/span> \u00e0 votre salle de bain.<\/p>\n<p><span class=\"diff--UX1Av\">Conf<\/span><span class=\"diff--UX1Av\">ect<\/span>i<span class=\"diff--UX1Av\">on<\/span><span class=\"diff--UX1Av\">n<\/span>\u00e9es dans un tissu \u00e9pais et <span class=\"diff--UX1Av\">ultr<\/span>a<span class=\"diff--UX1Av\">-a<\/span>bsorbant, ces serviettes a<span class=\"diff--UX1Av\">ssu<\/span>r<span class=\"diff--UX1Av\">e<\/span>nt une absorption <span class=\"diff--UX1Av\">optimale <\/span>et une sensation de bien-\u00eatre apr\u00e8s chaque douche.<\/p>\n<p>Cet ensemble comprend :<\/p>\n<ul>\n<li><span class=\"diff--UX1Av\">Une grande <\/span>serviette de bain (150 <span class=\"diff--UX1Av\">\u00d7 90 cm) <\/span>pour un s\u00e9chage complet et <span class=\"diff--UX1Av\">ag<\/span>r<span class=\"diff--UX1Av\">\u00e9<\/span>able<\/li>\n<li><span class=\"diff--UX1Av\">Une <\/span>serviette moyenne (50 <span class=\"diff--UX1Av\">\u00d7 90 cm), <\/span>id\u00e9ale pour les cheveux ou les mains<\/li>\n<li><span class=\"diff--UX1Av\">Une <\/span>petite serviette (50 <span class=\"diff--UX1Av\">\u00d7 30 cm), <\/span>parfaite pour le visage ou <span class=\"diff--UX1Av\">pou<\/span><span class=\"diff--UX1Av\">r<\/span> v<span class=\"diff--UX1Av\">o<\/span>s <span class=\"diff--UX1Av\">invit\u00e9s <\/span><\/li>\n<\/ul>\n<p><span class=\"diff--UX1Av\">Gr\u00e2ce \u00e0 <\/span>leur texture <span class=\"diff--UX1Av\">d<\/span>o<span class=\"diff--UX1Av\">uc<\/span>e et <span class=\"diff--UX1Av\">m<\/span><span class=\"diff--UX1Av\">o<\/span>e<span class=\"diff--UX1Av\">lle<\/span>u<span class=\"diff--UX1Av\">s<\/span><span class=\"diff--UX1Av\">e<\/span> <span class=\"diff--UX1Av\">ai<\/span><span class=\"diff--UX1Av\">nsi q<\/span>ue <span class=\"diff--UX1Av\">leurs teintes modernes, <\/span>ces serviettes apportent une touche <span class=\"diff--UX1Av\">\u00e9l\u00e9g<\/span><span class=\"diff--UX1Av\">an<\/span>te tout en restant pratiques pour un usage quotidien. <span class=\"diff--UX1Av\">I<\/span>d<span class=\"diff--UX1Av\">\u00e9<\/span>a<span class=\"diff--UX1Av\">l<\/span>es <span class=\"diff--UX1Av\">p<\/span><span class=\"diff--UX1Av\">o<\/span>u<span class=\"diff--UX1Av\">r<\/span> <span class=\"diff--UX1Av\">les <\/span>familles, <span class=\"diff--UX1Av\">les<\/span> chambres d\u2019h\u00f4tes <span class=\"diff--UX1Av\">ou<\/span> c<span class=\"diff--UX1Av\">om<\/span><span class=\"diff--UX1Av\">m<\/span>e<span class=\"diff--UX1Av\"> c<\/span>a<span class=\"diff--UX1Av\">dea<\/span>u <span class=\"diff--UX1Av\">r<\/span>a<span class=\"diff--UX1Av\">ff<\/span>in<span class=\"diff--UX1Av\">\u00e9<\/span>, elles combinent qualit\u00e9, <span class=\"diff--UX1Av\">s<\/span><span class=\"diff--UX1Av\">ty<\/span>le et <span class=\"diff--UX1Av\">long\u00e9<\/span><span class=\"diff--UX1Av\">v<\/span>it\u00e9.<\/p>\n","protected":false},"excerpt":{"rendered":"<ul>\n<li><span class=\"diff--UX1Av\">Lot<\/span> de 3 serviettes velour ultra<span class=\"diff--UX1Av\">&#8211;<\/span>douces<\/li>\n<li><span class=\"diff--UX1Av\">c<\/span><span class=\"diff--UX1Av\">o<\/span>n<span class=\"diff--UX1Av\">\u00e7ues dans<\/span> <span class=\"diff--UX1Av\">un <\/span>tissu absorbant<\/li>\n<li><span class=\"diff--UX1Av\">P<\/span>a<span class=\"diff--UX1Av\">rfaites<\/span> pour la salle de bain<\/li>\n<li><span class=\"diff--UX1Av\">C<\/span>omp<span class=\"diff--UX1Av\">ren<\/span><span class=\"diff--UX1Av\">d<\/span> <span class=\"diff--UX1Av\">tr<\/span><span class=\"diff--UX1Av\">ois<\/span> <span class=\"diff--UX1Av\">for<\/span><span class=\"diff--UX1Av\">m<\/span>a<span class=\"diff--UX1Av\">t<\/span>s pratiques : 150\u00d790, 50\u00d790 et 50\u00d730<\/li>\n<li><span class=\"diff--UX1Av\">T<\/span>e<span class=\"diff--UX1Av\">inte<\/span> moderne et <span class=\"diff--UX1Av\">r<\/span>a<span class=\"diff--UX1Av\">ffi<\/span>n<span class=\"diff--UX1Av\">\u00e9<\/span>e<\/li>\n<li><span class=\"diff--UX1Av\">Id\u00e9<\/span>a<span class=\"diff--UX1Av\">le<\/span> pour un usage quotidien.<\/li>\n<\/ul>\n","protected":false},"featured_media":185,"comment_status":"open","ping_status":"closed","template":"","meta":[],"product_brand":[],"product_cat":[18,16],"product_tag":[],"class_list":{"0":"post-183","1":"product","2":"type-product","3":"status-publish","4":"has-post-thumbnail","6":"product_cat-linge-de-bain","7":"product_cat-maison-et-electromenager","9":"first","10":"instock","11":"shipping-taxable","12":"purchasable","13":"product-type-variable"},"jetpack_sharing_enabled":true,"_links":{"self":[{"href":"https:\/\/www.super-prix-choc.com\/index.php\/wp-json\/wp\/v2\/product\/183","targetHints":{"allow":["GET"]}}],"collection":[{"href":"https:\/\/www.super-prix-choc.com\/index.php\/wp-json\/wp\/v2\/product"}],"about":[{"href":"https:\/\/www.super-prix-choc.com\/index.php\/wp-json\/wp\/v2\/types\/product"}],"replies":[{"embeddable":true,"href":"https:\/\/www.super-prix-choc.com\/index.php\/wp-json\/wp\/v2\/comments?post=183"}],"wp:featuredmedia":[{"embeddable":true,"href":"https:\/\/www.super-prix-choc.com\/index.php\/wp-json\/wp\/v2\/media\/185"}],"wp:attachment":[{"href":"https:\/\/www.super-prix-choc.com\/index.php\/wp-json\/wp\/v2\/media?parent=183"}],"wp:term":[{"taxonomy":"product_brand","embeddable":true,"href":"https:\/\/www.super-prix-choc.com\/index.php\/wp-json\/wp\/v2\/product_brand?post=183"},{"taxonomy":"product_cat","embeddable":true,"href":"https:\/\/www.super-prix-choc.com\/index.php\/wp-json\/wp\/v2\/product_cat?post=183"},{"taxonomy":"product_tag","embeddable":true,"href":"https:\/\/www.super-prix-choc.com\/index.php\/wp-json\/wp\/v2\/product_tag?post=183"}],"curies":[{"name":"wp","href":"https:\/\/api.w.org\/{rel}","templated":true}]}}